{"id":924,"date":"2024-06-14T08:34:00","date_gmt":"2024-06-14T08:34:00","guid":{"rendered":"https:\/\/demo.bravisthemes.com\/orritech\/?page_id=924"},"modified":"2024-06-14T08:34:00","modified_gmt":"2024-06-14T08:34:00","slug":"service-grid-2","status":"publish","type":"page","link":"https:\/\/www.wpatelier.cz\/en\/service-grid-2\/","title":{"rendered":"Services Grid 2"},"content":{"rendered":"<div data-elementor-type=\"wp-page\" data-elementor-id=\"924\" class=\"elementor elementor-924\" data-elementor-post-type=\"page\">\n\t\t\t\t        <section class=\"elementor-section elementor-top-section elementor-element elementor-element-023384a elementor-section-stretched elementor-section-boxed elementor-section-height-default elementor-section-height-default pxl-row-scroll-none pxl-bg-color-none pxl-section-overlay-none\" data-id=\"023384a\" data-element_type=\"section\" data-e-type=\"section\" data-settings=\"{&quot;stretch_section&quot;:&quot;section-stretched&quot;}\">\n\n                \n                <div class=\"elementor-container elementor-column-gap-extended\">\n                <div class=\"elementor-column elementor-col-100 elementor-top-column elementor-element elementor-element-cdf2d96 pxl-column-none\" data-id=\"cdf2d96\" data-element_type=\"column\" data-e-type=\"column\">\r\n        <div class=\"elementor-widget-wrap elementor-element-populated\">\r\n                     \r\n        \t\t<div class=\"elementor-element elementor-element-64a27b7 pxl-post-layout-service-2 elementor-widget elementor-widget-pxl_post_grid\" data-id=\"64a27b7\" data-element_type=\"widget\" data-e-type=\"widget\" data-widget_type=\"pxl_post_grid.default\">\n\t\t\t\t<div class=\"elementor-widget-container\">\n\t\t\t\t\t\n<div id=\"pxl_post_grid-64a27b7-2277\" class=\"pxl-grid pxl-service-grid pxl-service-grid-layout2\" data-layout=\"masonry\" data-start-page=\"1\" data-max-pages=\"2\" data-total=\"7\" data-perpage=\"6\" data-next-link=\"https:\/\/www.wpatelier.cz\/en\/wp-json\/wp\/v2\/pages\/924\/page\/2\/\">\n    \n    <div class=\"pxl-grid-inner pxl-grid-masonry row\" data-gutter=\"15\">\n        <div class=\"grid-sizer col-xl-4 col-lg-4 col-md-6 col-sm-6 col-12\"><\/div>\n                    <div class=\"pxl-grid-item col-xl-4 col-lg-4 col-md-6 col-sm-6 col-12\">\n                <div class=\"pxl-item--inner pxl-not-active\" data-wow-duration=\"1.2s\">\n                    <a class=\"pxl-link\" href=\"https:\/\/wpatelier.app\/\"><\/a>\n                    <div class=\"bg-image\"><\/div>\n                                                                <div class=\"pxl-item--icon\">\n                            <div class=\"pxl-inner-icon\">\n                                <img decoding=\"async\" width=\"50\" height=\"50\" src=\"https:\/\/www.wpatelier.cz\/wp-content\/uploads\/2024\/12\/Socialni-site.svg\" class=\"attachment-full\" alt=\"\" \/>                            <\/div>\n                        <\/div>\n                                        <div class=\"pxl-item--holder\">\n                        <h3 class=\"pxl-item--title\">\n                            <a href=\"https:\/\/wpatelier.app\/\">AI Social Media Manager<\/a>\n                        <\/h3>\n                                                    <div class=\"pxl-item--content\">\n                                AI agenti nejsou jen n\u00e1stroj \u2013 jsou to nov\u00ed \u010dlenov\u00e9 va\u0161eho t\u00fdmu, kte\u0159\u00ed zvl\u00e1dnou od n\u00e1padu po publikaci cel\u00fd proces tvorby obsahu. Automatizujte sv\u00e9 soci\u00e1ln\u00ed&hellip;                            <\/div>\n                                            <\/div>\n                                            <h5 class=\"pxl-post--readmore\">\n                            <a class=\"btn-readmore-1\" href=\"https:\/\/wpatelier.app\/\">\n                                <i class=\"flaticon flaticon-right\"><\/i>\n                            <\/a>\n                        <\/h5>\n                                    <\/div>\n            <\/div>\n                    <div class=\"pxl-grid-item col-xl-4 col-lg-4 col-md-6 col-sm-6 col-12\">\n                <div class=\"pxl-item--inner pxl-not-active\" data-wow-duration=\"1.2s\">\n                    <a class=\"pxl-link\" href=\"https:\/\/www.wpatelier.cz\/en\/service\/integrace-ai-agentu\/\"><\/a>\n                    <div class=\"bg-image\"><\/div>\n                                                                <div class=\"pxl-item--icon\">\n                            <div class=\"pxl-inner-icon\">\n                                <img decoding=\"async\" width=\"50\" height=\"50\" src=\"https:\/\/www.wpatelier.cz\/wp-content\/uploads\/2024\/08\/AI-Chatbot.svg\" class=\"attachment-full\" alt=\"\" \/>                            <\/div>\n                        <\/div>\n                                        <div class=\"pxl-item--holder\">\n                        <h3 class=\"pxl-item--title\">\n                            <a href=\"https:\/\/www.wpatelier.cz\/en\/service\/integrace-ai-agentu\/\">Integrace AI Agent\u016f<\/a>\n                        <\/h3>\n                                                    <div class=\"pxl-item--content\">\n                                D\u00edky integraci AI agent\u016f m\u016f\u017eete zautomatizovat cel\u00e9 pracovn\u00ed toky \u2013 od z\u00edsk\u00e1n\u00ed z\u00e1kazn\u00edka p\u0159es zpracov\u00e1n\u00ed objedn\u00e1vky a\u017e po z\u00e1kaznickou p\u00e9\u010di.                            <\/div>\n                                            <\/div>\n                                            <h5 class=\"pxl-post--readmore\">\n                            <a class=\"btn-readmore-1\" href=\"https:\/\/www.wpatelier.cz\/en\/service\/integrace-ai-agentu\/\">\n                                <i class=\"flaticon flaticon-right\"><\/i>\n                            <\/a>\n                        <\/h5>\n                                    <\/div>\n            <\/div>\n                    <div class=\"pxl-grid-item col-xl-4 col-lg-4 col-md-6 col-sm-6 col-12\">\n                <div class=\"pxl-item--inner pxl-not-active\" data-wow-duration=\"1.2s\">\n                    <a class=\"pxl-link\" href=\"https:\/\/www.wpatelier.cz\/en\/service\/seo-a-ai-redakce\/\"><\/a>\n                    <div class=\"bg-image\"><\/div>\n                                                                <div class=\"pxl-item--icon\">\n                            <div class=\"pxl-inner-icon\">\n                                <img decoding=\"async\" width=\"50\" height=\"50\" src=\"https:\/\/www.wpatelier.cz\/wp-content\/uploads\/2024\/12\/SEO.svg\" class=\"attachment-full\" alt=\"\" \/>                            <\/div>\n                        <\/div>\n                                        <div class=\"pxl-item--holder\">\n                        <h3 class=\"pxl-item--title\">\n                            <a href=\"https:\/\/www.wpatelier.cz\/en\/service\/seo-a-ai-redakce\/\">SEO &#038; AI Redakce<\/a>\n                        <\/h3>\n                                                    <div class=\"pxl-item--content\">\n                                AI redakce \u2013 inteligentn\u00ed syst\u00e9m, kter\u00fd dok\u00e1\u017ee automaticky vyhled\u00e1vat t\u00e9mata, tvo\u0159it \u010dl\u00e1nky, optimalizovat je pro SEO a publikovat je na v\u00e1\u0161 web i soci\u00e1ln\u00ed s\u00edt\u011b.                            <\/div>\n                                            <\/div>\n                                            <h5 class=\"pxl-post--readmore\">\n                            <a class=\"btn-readmore-1\" href=\"https:\/\/www.wpatelier.cz\/en\/service\/seo-a-ai-redakce\/\">\n                                <i class=\"flaticon flaticon-right\"><\/i>\n                            <\/a>\n                        <\/h5>\n                                    <\/div>\n            <\/div>\n                    <div class=\"pxl-grid-item col-xl-4 col-lg-4 col-md-6 col-sm-6 col-12\">\n                <div class=\"pxl-item--inner pxl-not-active\" data-wow-duration=\"1.2s\">\n                    <a class=\"pxl-link\" href=\"https:\/\/www.wpatelier.cz\/en\/service\/automatizovane-e-maily-s-ai\/\"><\/a>\n                    <div class=\"bg-image\"><\/div>\n                                                                <div class=\"pxl-item--icon\">\n                            <div class=\"pxl-inner-icon\">\n                                <img loading=\"lazy\" decoding=\"async\" width=\"50\" height=\"50\" src=\"https:\/\/www.wpatelier.cz\/wp-content\/uploads\/2024\/12\/wordpress-7.svg\" class=\"attachment-full\" alt=\"\" \/>                            <\/div>\n                        <\/div>\n                                        <div class=\"pxl-item--holder\">\n                        <h3 class=\"pxl-item--title\">\n                            <a href=\"https:\/\/www.wpatelier.cz\/en\/service\/automatizovane-e-maily-s-ai\/\">Automatizovan\u00e9 e-maily s AI<\/a>\n                        <\/h3>\n                                                    <div class=\"pxl-item--content\">\n                                Propoj\u00edme AI agenty s emailovou automatizaci s popt\u00e1vkov\u00fdmi formul\u00e1\u0159i a reklamn\u00edmi kampan\u011bmi (nap\u0159\u00edklad Leads Ads), aby bylo dosa\u017eeno rychl\u00e9 a efektivn\u00ed interakce se z\u00e1kazn\u00edky.                            <\/div>\n                                            <\/div>\n                                            <h5 class=\"pxl-post--readmore\">\n                            <a class=\"btn-readmore-1\" href=\"https:\/\/www.wpatelier.cz\/en\/service\/automatizovane-e-maily-s-ai\/\">\n                                <i class=\"flaticon flaticon-right\"><\/i>\n                            <\/a>\n                        <\/h5>\n                                    <\/div>\n            <\/div>\n                    <div class=\"pxl-grid-item col-xl-4 col-lg-4 col-md-6 col-sm-6 col-12\">\n                <div class=\"pxl-item--inner pxl-not-active\" data-wow-duration=\"1.2s\">\n                    <a class=\"pxl-link\" href=\"https:\/\/www.wpatelier.cz\/en\/service\/poptavkove-formulare-s-ai\/\"><\/a>\n                    <div class=\"bg-image\"><\/div>\n                                                                <div class=\"pxl-item--icon\">\n                            <div class=\"pxl-inner-icon\">\n                                <img loading=\"lazy\" decoding=\"async\" width=\"50\" height=\"50\" src=\"https:\/\/www.wpatelier.cz\/wp-content\/uploads\/2024\/06\/Generovani-leadu.svg\" class=\"attachment-full\" alt=\"\" \/>                            <\/div>\n                        <\/div>\n                                        <div class=\"pxl-item--holder\">\n                        <h3 class=\"pxl-item--title\">\n                            <a href=\"https:\/\/www.wpatelier.cz\/en\/service\/poptavkove-formulare-s-ai\/\">Popt\u00e1vkov\u00e9 formul\u00e1\u0159e s AI<\/a>\n                        <\/h3>\n                                                    <div class=\"pxl-item--content\">\n                                Propojen\u00edm s e-mailov\u00fdmi kampan\u011bmi z\u00edsk\u00e1te automatizovan\u00fd n\u00e1stroj, kter\u00fd okam\u017eit\u011b reaguje na nov\u00e9 popt\u00e1vky.                            <\/div>\n                                            <\/div>\n                                            <h5 class=\"pxl-post--readmore\">\n                            <a class=\"btn-readmore-1\" href=\"https:\/\/www.wpatelier.cz\/en\/service\/poptavkove-formulare-s-ai\/\">\n                                <i class=\"flaticon flaticon-right\"><\/i>\n                            <\/a>\n                        <\/h5>\n                                    <\/div>\n            <\/div>\n                    <div class=\"pxl-grid-item col-xl-4 col-lg-4 col-md-6 col-sm-6 col-12\">\n                <div class=\"pxl-item--inner pxl-not-active\" data-wow-duration=\"1.2s\">\n                    <a class=\"pxl-link\" href=\"https:\/\/www.wpatelier.cz\/en\/service\/wordpress-weby-s-ai\/\"><\/a>\n                    <div class=\"bg-image\"><\/div>\n                                                                <div class=\"pxl-item--icon\">\n                            <div class=\"pxl-inner-icon\">\n                                <img loading=\"lazy\" decoding=\"async\" width=\"33\" height=\"33\" src=\"https:\/\/www.wpatelier.cz\/wp-content\/uploads\/2024\/07\/wordpress.svg\" class=\"attachment-full\" alt=\"\" \/>                            <\/div>\n                        <\/div>\n                                        <div class=\"pxl-item--holder\">\n                        <h3 class=\"pxl-item--title\">\n                            <a href=\"https:\/\/www.wpatelier.cz\/en\/service\/wordpress-weby-s-ai\/\">WordPress weby s AI<\/a>\n                        <\/h3>\n                                                    <div class=\"pxl-item--content\">\n                                Nejpopul\u00e1rn\u011bj\u0161\u00ed platforma na sv\u011bt\u011b, kter\u00e1 kombinuje jednoduchost spr\u00e1vy s neomezen\u00fdmi mo\u017enostmi p\u0159izp\u016fsoben\u00ed.                            <\/div>\n                                            <\/div>\n                                            <h5 class=\"pxl-post--readmore\">\n                            <a class=\"btn-readmore-1\" href=\"https:\/\/www.wpatelier.cz\/en\/service\/wordpress-weby-s-ai\/\">\n                                <i class=\"flaticon flaticon-right\"><\/i>\n                            <\/a>\n                        <\/h5>\n                                    <\/div>\n            <\/div>\n            <\/div>\n            <div class=\"pxl-grid-pagination\" data-loadmore=\"{&quot;post_type&quot;:&quot;service&quot;,&quot;layout&quot;:&quot;service-2&quot;,&quot;startPage&quot;:1,&quot;maxPages&quot;:2,&quot;total&quot;:7,&quot;perpage&quot;:&quot;6&quot;,&quot;nextLink&quot;:&quot;https:\\\/\\\/www.wpatelier.cz\\\/en\\\/wp-json\\\/wp\\\/v2\\\/pages\\\/924\\\/page\\\/2\\\/&quot;,&quot;source&quot;:[],&quot;orderby&quot;:&quot;date&quot;,&quot;order&quot;:&quot;desc&quot;,&quot;limit&quot;:&quot;6&quot;,&quot;post_ids&quot;:[&quot;572&quot;,&quot;576&quot;,&quot;579&quot;,&quot;582&quot;,&quot;5469&quot;,&quot;5471&quot;,&quot;5483&quot;],&quot;col_xl&quot;:4,&quot;col_lg&quot;:4,&quot;col_md&quot;:6,&quot;col_sm&quot;:6,&quot;col_xs&quot;:12,&quot;pagination_type&quot;:&quot;pagination&quot;,&quot;show_excerpt&quot;:&quot;true&quot;,&quot;show_button&quot;:&quot;true&quot;,&quot;button_text&quot;:&quot;&quot;,&quot;num_words&quot;:25,&quot;img_size&quot;:&quot;&quot;,&quot;grid_masonry&quot;:&quot;&quot;,&quot;pxl_animate&quot;:&quot;&quot;,&quot;html_id&quot;:&quot;pxl_post_grid-64a27b7-2277&quot;,&quot;tax&quot;:[]}\" data-query=\"{&quot;post_type&quot;:&quot;service&quot;,&quot;post_status&quot;:&quot;publish&quot;,&quot;posts_per_page&quot;:6,&quot;order&quot;:&quot;desc&quot;,&quot;orderby&quot;:&quot;date&quot;,&quot;post__in&quot;:[572,576,579,582,5469,5471,5483]}\">\n                        <nav class=\"pxl-pagination-wrap ajax\">\n                <div class=\"pxl-pagination-links\">\n                    <span aria-label=\"Page 1\" aria-current=\"page\" class=\"page-numbers current\" data-no-translation-aria-label=\"\">01<\/span>\n<a aria-label=\"Page 2\" class=\"page-numbers\" href=\"#2\" data-no-translation-aria-label=\"\">02<\/a>\n<a class=\"next page-numbers\" href=\"#2\">Next<\/a>                <\/div>\n            <\/nav>\n                    <\/div>\n        <\/div>\t\t\t\t<\/div>\n\t\t\t\t<\/div>\n\t\t            <\/div>\r\n        <\/div>\r\n        \t\t\t<\/div>\n\t\t<\/section>\n\t\t\t\t<\/div>","protected":false},"excerpt":{"rendered":"<p>IT Management Software development of web data of your company website, so we help to ensure cyber company IT Management Software development of web data of your company website, so we help to ensure cyber company Database Designing Cyber security of your web data of your company website, so we help to ensure cyber Web [&hellip;]<\/p>","protected":false},"author":1,"featured_media":0,"parent":0,"menu_order":0,"comment_status":"closed","ping_status":"closed","template":"","meta":{"footnotes":""},"class_list":["post-924","page","type-page","status-publish","hentry"],"yoast_head":"<!-- This site is optimized with the Yoast SEO plugin v25.8 - https:\/\/yoast.com\/wordpress\/plugins\/seo\/ -->\n<title>Services Grid 2 - wpatelier.cz<\/title>\n<meta name=\"robots\" content=\"index, follow, max-snippet:-1, max-image-preview:large, max-video-preview:-1\" \/>\n<link rel=\"canonical\" href=\"https:\/\/www.wpatelier.cz\/en\/service-grid-2\/\" \/>\n<meta property=\"og:locale\" content=\"en_GB\" \/>\n<meta property=\"og:type\" content=\"article\" \/>\n<meta property=\"og:title\" content=\"Services Grid 2 - wpatelier.cz\" \/>\n<meta property=\"og:description\" content=\"IT Management Software development of web data of your company website, so we help to ensure cyber company IT Management Software development of web data of your company website, so we help to ensure cyber company Database Designing Cyber security of your web data of your company website, so we help to ensure cyber Web [&hellip;]\" \/>\n<meta property=\"og:url\" content=\"https:\/\/www.wpatelier.cz\/en\/service-grid-2\/\" \/>\n<meta property=\"og:site_name\" content=\"wpatelier.cz\" \/>\n<meta property=\"article:publisher\" content=\"https:\/\/www.facebook.com\/wpatelier.cz\" \/>\n<meta property=\"og:image\" content=\"https:\/\/www.wpatelier.cz\/wp-content\/uploads\/2024\/05\/icon_services_2.png\" \/>\n<meta name=\"twitter:card\" content=\"summary_large_image\" \/>\n<meta name=\"twitter:label1\" content=\"Estimated reading time\" \/>\n\t<meta name=\"twitter:data1\" content=\"1 minute\" \/>\n<script type=\"application\/ld+json\" class=\"yoast-schema-graph\">{\"@context\":\"https:\/\/schema.org\",\"@graph\":[{\"@type\":\"WebPage\",\"@id\":\"https:\/\/www.wpatelier.cz\/service-grid-2\/\",\"url\":\"https:\/\/www.wpatelier.cz\/service-grid-2\/\",\"name\":\"Services Grid 2 - wpatelier.cz\",\"isPartOf\":{\"@id\":\"https:\/\/www.wpatelier.cz\/#website\"},\"primaryImageOfPage\":{\"@id\":\"https:\/\/www.wpatelier.cz\/service-grid-2\/#primaryimage\"},\"image\":{\"@id\":\"https:\/\/www.wpatelier.cz\/service-grid-2\/#primaryimage\"},\"thumbnailUrl\":\"https:\/\/www.wpatelier.cz\/wp-content\/uploads\/2024\/05\/icon_services_2.png\",\"datePublished\":\"2024-06-14T08:34:00+00:00\",\"breadcrumb\":{\"@id\":\"https:\/\/www.wpatelier.cz\/service-grid-2\/#breadcrumb\"},\"inLanguage\":\"en-GB\",\"potentialAction\":[{\"@type\":\"ReadAction\",\"target\":[\"https:\/\/www.wpatelier.cz\/service-grid-2\/\"]}]},{\"@type\":\"ImageObject\",\"inLanguage\":\"en-GB\",\"@id\":\"https:\/\/www.wpatelier.cz\/service-grid-2\/#primaryimage\",\"url\":\"https:\/\/www.wpatelier.cz\/wp-content\/uploads\/2024\/05\/icon_services_2.png\",\"contentUrl\":\"https:\/\/www.wpatelier.cz\/wp-content\/uploads\/2024\/05\/icon_services_2.png\"},{\"@type\":\"BreadcrumbList\",\"@id\":\"https:\/\/www.wpatelier.cz\/service-grid-2\/#breadcrumb\",\"itemListElement\":[{\"@type\":\"ListItem\",\"position\":1,\"name\":\"Dom\u016f\",\"item\":\"https:\/\/www.wpatelier.cz\/\"},{\"@type\":\"ListItem\",\"position\":2,\"name\":\"Services Grid 2\"}]},{\"@type\":\"WebSite\",\"@id\":\"https:\/\/www.wpatelier.cz\/#website\",\"url\":\"https:\/\/www.wpatelier.cz\/\",\"name\":\"wpatelier.cz\",\"description\":\"\",\"publisher\":{\"@id\":\"https:\/\/www.wpatelier.cz\/#organization\"},\"potentialAction\":[{\"@type\":\"SearchAction\",\"target\":{\"@type\":\"EntryPoint\",\"urlTemplate\":\"https:\/\/www.wpatelier.cz\/?s={search_term_string}\"},\"query-input\":{\"@type\":\"PropertyValueSpecification\",\"valueRequired\":true,\"valueName\":\"search_term_string\"}}],\"inLanguage\":\"en-GB\"},{\"@type\":\"Organization\",\"@id\":\"https:\/\/www.wpatelier.cz\/#organization\",\"name\":\"wpatelier.cz\",\"url\":\"https:\/\/www.wpatelier.cz\/\",\"logo\":{\"@type\":\"ImageObject\",\"inLanguage\":\"en-GB\",\"@id\":\"https:\/\/www.wpatelier.cz\/#\/schema\/logo\/image\/\",\"url\":\"https:\/\/www.wpatelier.cz\/wp-content\/uploads\/2024\/12\/wpatelier-470-x-120-px-6.png\",\"contentUrl\":\"https:\/\/www.wpatelier.cz\/wp-content\/uploads\/2024\/12\/wpatelier-470-x-120-px-6.png\",\"width\":470,\"height\":120,\"caption\":\"wpatelier.cz\"},\"image\":{\"@id\":\"https:\/\/www.wpatelier.cz\/#\/schema\/logo\/image\/\"},\"sameAs\":[\"https:\/\/www.facebook.com\/wpatelier.cz\",\"https:\/\/www.linkedin.com\/company\/wpatelier\",\"https:\/\/www.instagram.com\/wpatelier.cz\/\"]}]}<\/script>\n<!-- \/ Yoast SEO plugin. -->","yoast_head_json":{"title":"Services Grid 2 - wpatelier.cz","robots":{"index":"index","follow":"follow","max-snippet":"max-snippet:-1","max-image-preview":"max-image-preview:large","max-video-preview":"max-video-preview:-1"},"canonical":"https:\/\/www.wpatelier.cz\/en\/service-grid-2\/","og_locale":"en_GB","og_type":"article","og_title":"Services Grid 2 - wpatelier.cz","og_description":"IT Management Software development of web data of your company website, so we help to ensure cyber company IT Management Software development of web data of your company website, so we help to ensure cyber company Database Designing Cyber security of your web data of your company website, so we help to ensure cyber Web [&hellip;]","og_url":"https:\/\/www.wpatelier.cz\/en\/service-grid-2\/","og_site_name":"wpatelier.cz","article_publisher":"https:\/\/www.facebook.com\/wpatelier.cz","og_image":[{"url":"https:\/\/www.wpatelier.cz\/wp-content\/uploads\/2024\/05\/icon_services_2.png","type":"","width":"","height":""}],"twitter_card":"summary_large_image","twitter_misc":{"Estimated reading time":"1 minute"},"schema":{"@context":"https:\/\/schema.org","@graph":[{"@type":"WebPage","@id":"https:\/\/www.wpatelier.cz\/service-grid-2\/","url":"https:\/\/www.wpatelier.cz\/service-grid-2\/","name":"Services Grid 2 - wpatelier.cz","isPartOf":{"@id":"https:\/\/www.wpatelier.cz\/#website"},"primaryImageOfPage":{"@id":"https:\/\/www.wpatelier.cz\/service-grid-2\/#primaryimage"},"image":{"@id":"https:\/\/www.wpatelier.cz\/service-grid-2\/#primaryimage"},"thumbnailUrl":"https:\/\/www.wpatelier.cz\/wp-content\/uploads\/2024\/05\/icon_services_2.png","datePublished":"2024-06-14T08:34:00+00:00","breadcrumb":{"@id":"https:\/\/www.wpatelier.cz\/service-grid-2\/#breadcrumb"},"inLanguage":"en-GB","potentialAction":[{"@type":"ReadAction","target":["https:\/\/www.wpatelier.cz\/service-grid-2\/"]}]},{"@type":"ImageObject","inLanguage":"en-GB","@id":"https:\/\/www.wpatelier.cz\/service-grid-2\/#primaryimage","url":"https:\/\/www.wpatelier.cz\/wp-content\/uploads\/2024\/05\/icon_services_2.png","contentUrl":"https:\/\/www.wpatelier.cz\/wp-content\/uploads\/2024\/05\/icon_services_2.png"},{"@type":"BreadcrumbList","@id":"https:\/\/www.wpatelier.cz\/service-grid-2\/#breadcrumb","itemListElement":[{"@type":"ListItem","position":1,"name":"Dom\u016f","item":"https:\/\/www.wpatelier.cz\/"},{"@type":"ListItem","position":2,"name":"Services Grid 2"}]},{"@type":"WebSite","@id":"https:\/\/www.wpatelier.cz\/#website","url":"https:\/\/www.wpatelier.cz\/","name":"wpatelier.cz","description":"","publisher":{"@id":"https:\/\/www.wpatelier.cz\/#organization"},"potentialAction":[{"@type":"SearchAction","target":{"@type":"EntryPoint","urlTemplate":"https:\/\/www.wpatelier.cz\/?s={search_term_string}"},"query-input":{"@type":"PropertyValueSpecification","valueRequired":true,"valueName":"search_term_string"}}],"inLanguage":"en-GB"},{"@type":"Organization","@id":"https:\/\/www.wpatelier.cz\/#organization","name":"wpatelier.cz","url":"https:\/\/www.wpatelier.cz\/","logo":{"@type":"ImageObject","inLanguage":"en-GB","@id":"https:\/\/www.wpatelier.cz\/#\/schema\/logo\/image\/","url":"https:\/\/www.wpatelier.cz\/wp-content\/uploads\/2024\/12\/wpatelier-470-x-120-px-6.png","contentUrl":"https:\/\/www.wpatelier.cz\/wp-content\/uploads\/2024\/12\/wpatelier-470-x-120-px-6.png","width":470,"height":120,"caption":"wpatelier.cz"},"image":{"@id":"https:\/\/www.wpatelier.cz\/#\/schema\/logo\/image\/"},"sameAs":["https:\/\/www.facebook.com\/wpatelier.cz","https:\/\/www.linkedin.com\/company\/wpatelier","https:\/\/www.instagram.com\/wpatelier.cz\/"]}]}},"_links":{"self":[{"href":"https:\/\/www.wpatelier.cz\/en\/wp-json\/wp\/v2\/pages\/924","targetHints":{"allow":["GET"]}}],"collection":[{"href":"https:\/\/www.wpatelier.cz\/en\/wp-json\/wp\/v2\/pages"}],"about":[{"href":"https:\/\/www.wpatelier.cz\/en\/wp-json\/wp\/v2\/types\/page"}],"author":[{"embeddable":true,"href":"https:\/\/www.wpatelier.cz\/en\/wp-json\/wp\/v2\/users\/1"}],"replies":[{"embeddable":true,"href":"https:\/\/www.wpatelier.cz\/en\/wp-json\/wp\/v2\/comments?post=924"}],"version-history":[{"count":0,"href":"https:\/\/www.wpatelier.cz\/en\/wp-json\/wp\/v2\/pages\/924\/revisions"}],"wp:attachment":[{"href":"https:\/\/www.wpatelier.cz\/en\/wp-json\/wp\/v2\/media?parent=924"}],"curies":[{"name":"wp","href":"https:\/\/api.w.org\/{rel}","templated":true}]}}