{"id":525,"date":"2024-05-20T02:32:55","date_gmt":"2024-05-20T02:32:55","guid":{"rendered":"https:\/\/demo.bravisthemes.com\/orritech\/?page_id=525"},"modified":"2024-12-07T21:32:01","modified_gmt":"2024-12-07T21:32:01","slug":"portfolio-wpatelier","status":"publish","type":"page","link":"https:\/\/www.wpatelier.cz\/en\/portfolio-wpatelier\/","title":{"rendered":"Portfolio WPATELIER"},"content":{"rendered":"<div data-elementor-type=\"wp-page\" data-elementor-id=\"525\" class=\"elementor elementor-525\" data-elementor-post-type=\"page\">\n\t\t\t\t        <section class=\"elementor-section elementor-top-section elementor-element elementor-element-d2a58a7 elementor-section-boxed elementor-section-height-default elementor-section-height-default pxl-row-scroll-none pxl-bg-color-none pxl-section-overlay-none\" data-id=\"d2a58a7\" data-element_type=\"section\" data-e-type=\"section\">\n\n                \n                <div class=\"elementor-container elementor-column-gap-default\">\n                <div class=\"elementor-column elementor-col-100 elementor-top-column elementor-element elementor-element-f9f2d47 pxl-column-none\" data-id=\"f9f2d47\" data-element_type=\"column\" data-e-type=\"column\">\r\n        <div class=\"elementor-widget-wrap elementor-element-populated\">\r\n                     \r\n        \t\t<div class=\"elementor-element elementor-element-d1aa741 pxl-post-layout-portfolio-2 elementor-widget elementor-widget-pxl_post_grid\" data-id=\"d1aa741\" data-element_type=\"widget\" data-e-type=\"widget\" data-widget_type=\"pxl_post_grid.default\">\n\t\t\t\t<div class=\"elementor-widget-container\">\n\t\t\t\t\t\n<div id=\"pxl_post_grid-d1aa741-4414\" class=\"pxl-grid pxl-portfolio-grid pxl-portfolio-grid-layout2\" data-layout=\"masonry\" data-start-page=\"1\" data-max-pages=\"1\" data-total=\"1\" data-perpage=\"4\" data-next-link=\"\">\n    \n    <div class=\"pxl-grid-inner pxl-grid-masonry row\" data-gutter=\"15\">\n        <div class=\"grid-sizer col-xl-6 col-lg-6 col-md-6 col-sm-12 col-12\"><\/div>\n                    <div class=\"pxl-grid-item col-xl-6 col-lg-6 col-md-6 col-sm-12 col-12\">\n                <div class=\"pxl-item--inner\" data-wow-duration=\"1.2s\">\n                                            <div class=\"item--featured\">\n                            <a class=\"pxl-link\" href=\"https:\/\/www.wpatelier.cz\/en\/portfolio\/business-lifestyle-magazine-retel-cz-s-moznosti-publikace-ai-seo-clanku\/\"><img fetchpriority=\"high\" decoding=\"async\" class=\"no-lazyload\" src=\"https:\/\/www.wpatelier.cz\/wp-content\/uploads\/2024\/05\/RETEL-reference-3-620x500.jpg\" width=\"620\" height=\"500\" alt=\"RETEL reference-3\" title=\"RETEL reference-3\" \/><\/a>\n                        <\/div>\n                                        <div class=\"pxl-item--info\">\n                        <div class=\"pxl-svg pxl-svg1\">\n                            <svg xmlns=\"http:\/\/www.w3.org\/2000\/svg\" width=\"583\" height=\"153\" viewbox=\"0 0 583 153\" fill=\"#5758D6\">\n                                <path d=\"M0 0H518.657C527.317 0 534.993 5.5732 537.675 13.8074L583 153H20C8.95432 153 0 144.046 0 133V0Z\" \/>\n                            <\/svg>\n                        <\/div>\n                        <div class=\"pxl-svg pxl-svg2\">\n                            <svg xmlns=\"http:\/\/www.w3.org\/2000\/svg\" width=\"583\" height=\"153\" viewbox=\"0 0 583 153\" fill=\"none\">\n                                <path class=\"svg-path\" d=\"M0 0H518.657C527.317 0 534.993 5.5732 537.675 13.8074L583 153H20C8.95432 153 0 144.046 0 133V0Z\" fill=\"url(#paint0_linear_60_12065)\"\/>\n                                <defs>\n                                    <lineargradient id=\"paint0_linear_60_12065\" x1=\"-5.42396e-06\" y1=\"76.5\" x2=\"123.975\" y2=\"371.444\" gradientunits=\"userSpaceOnUse\">\n                                    <stop stop-color=\"#1057C7\"\/>\n                                    <stop offset=\"1\" stop-color=\"#E64039\"\/>\n                                    <\/lineargradient>\n                                <\/defs>\n                            <\/svg>\n                        <\/div>\n                        <div class=\"item--holder\">\n                            <span class=\"pxl--service-name\">Service Name: <\/span>\n                            <h5 class=\"item--title\">\n                                <a href=\"https:\/\/www.wpatelier.cz\/en\/portfolio\/business-lifestyle-magazine-retel-cz-s-moznosti-publikace-ai-seo-clanku\/\">\n                                    Business Lifestyle Magazine s mo\u017enost\u00ed publikace AI SEO \u010dl\u00e1nk\u016f                                <\/a>\n                            <\/h5>\n                        <\/div>\n                                                    <div class=\"pxl-project\">\n                                <div class=\"pxl--client-name\">\n                                    <span>Client Name:<\/span>\n                                    <div>RETEL.cz<\/div>\n                                    \n                                <\/div>\n                                <div class=\"pxl--time-line\">\n                                    <span>Timeline: <\/span>\n                                    <div>3 a\u017e 4  m\u011bs\u00edce<\/div>\n                                    \n                                <\/div>\n                            <\/div>\n                                            <\/div>\n                <\/div>\n            <\/div>\n            <\/div>\n            <div class=\"pxl-grid-pagination\" data-loadmore=\"{&quot;post_type&quot;:&quot;portfolio&quot;,&quot;layout&quot;:&quot;portfolio-2&quot;,&quot;startPage&quot;:1,&quot;maxPages&quot;:1,&quot;total&quot;:1,&quot;perpage&quot;:4,&quot;nextLink&quot;:&quot;&quot;,&quot;source&quot;:&quot;&quot;,&quot;orderby&quot;:&quot;date&quot;,&quot;order&quot;:&quot;desc&quot;,&quot;limit&quot;:4,&quot;post_ids&quot;:[],&quot;col_xl&quot;:6,&quot;col_lg&quot;:6,&quot;col_md&quot;:6,&quot;col_sm&quot;:12,&quot;col_xs&quot;:12,&quot;pagination_type&quot;:&quot;pagination&quot;,&quot;show_category&quot;:&quot;true&quot;,&quot;img_size&quot;:&quot;&quot;,&quot;grid_masonry&quot;:&quot;&quot;,&quot;pxl_animate&quot;:&quot;&quot;,&quot;show_button&quot;:&quot;true&quot;,&quot;tax&quot;:[]}\" data-query=\"{&quot;post_type&quot;:&quot;portfolio&quot;,&quot;post_status&quot;:&quot;publish&quot;,&quot;posts_per_page&quot;:4,&quot;order&quot;:&quot;desc&quot;,&quot;orderby&quot;:&quot;date&quot;,&quot;tax_query&quot;:{&quot;relation&quot;:&quot;OR&quot;},&quot;post__not_in&quot;:[525]}\">\n                    <\/div>\n        <\/div>\t\t\t\t<\/div>\n\t\t\t\t<\/div>\n\t\t            <\/div>\r\n        <\/div>\r\n        \t\t\t<\/div>\n\t\t<\/section>\n\t\t\t\t<\/div>","protected":false},"excerpt":{"rendered":"<p>N\u00e1zev Projektu: Business Lifestyle Magazine s mo\u017enost\u00ed publikace SEO \u010dl\u00e1nk\u016f Jm\u00e9no Klienta: RETEL.cz Doba Realizace: 3 a\u017e 4 m\u011bs\u00edce N\u00e1zev Projektu: Prezenta\u010dn\u00ed a objedn\u00e1vkov\u00fd web pro recykla\u010dn\u00ed a svozovou slu\u017ebu Jm\u00e9no Klienta: RECYFO.cz Doba Realizace: 1 a\u017e 2 m\u011bs\u00edce N\u00e1zev Projektu: Prezenta\u010dn\u00ed a prodejn\u00ed web s automatizac\u00ed email\u016f, formul\u00e1\u0159\u016f a AI Chatbotem Jm\u00e9no Klienta: MyKangen.eu [&hellip;]<\/p>","protected":false},"author":1,"featured_media":0,"parent":0,"menu_order":0,"comment_status":"closed","ping_status":"closed","template":"","meta":{"footnotes":""},"class_list":["post-525","page","type-page","status-publish","hentry"],"yoast_head":"<!-- This site is optimized with the Yoast SEO plugin v25.8 - https:\/\/yoast.com\/wordpress\/plugins\/seo\/ -->\n<title>Portfolio WPATELIER - wpatelier.cz<\/title>\n<meta name=\"robots\" content=\"index, follow, max-snippet:-1, max-image-preview:large, max-video-preview:-1\" \/>\n<link rel=\"canonical\" href=\"https:\/\/www.wpatelier.cz\/en\/portfolio-wpatelier\/\" \/>\n<meta property=\"og:locale\" content=\"en_GB\" \/>\n<meta property=\"og:type\" content=\"article\" \/>\n<meta property=\"og:title\" content=\"Portfolio WPATELIER - wpatelier.cz\" \/>\n<meta property=\"og:description\" content=\"N\u00e1zev Projektu: Business Lifestyle Magazine s mo\u017enost\u00ed publikace SEO \u010dl\u00e1nk\u016f Jm\u00e9no Klienta: RETEL.cz Doba Realizace: 3 a\u017e 4 m\u011bs\u00edce N\u00e1zev Projektu: Prezenta\u010dn\u00ed a objedn\u00e1vkov\u00fd web pro recykla\u010dn\u00ed a svozovou slu\u017ebu Jm\u00e9no Klienta: RECYFO.cz Doba Realizace: 1 a\u017e 2 m\u011bs\u00edce N\u00e1zev Projektu: Prezenta\u010dn\u00ed a prodejn\u00ed web s automatizac\u00ed email\u016f, formul\u00e1\u0159\u016f a AI Chatbotem Jm\u00e9no Klienta: MyKangen.eu [&hellip;]\" \/>\n<meta property=\"og:url\" content=\"https:\/\/www.wpatelier.cz\/en\/portfolio-wpatelier\/\" \/>\n<meta property=\"og:site_name\" content=\"wpatelier.cz\" \/>\n<meta property=\"article:publisher\" content=\"https:\/\/www.facebook.com\/wpatelier.cz\" \/>\n<meta property=\"article:modified_time\" content=\"2024-12-07T21:32:01+00:00\" \/>\n<meta property=\"og:image\" content=\"http:\/\/www.wpatelier.cz\/wp-content\/uploads\/2024\/05\/RETEL-reference-3-620x500.jpg\" \/>\n<meta name=\"twitter:card\" content=\"summary_large_image\" \/>\n<meta name=\"twitter:label1\" content=\"Estimated reading time\" \/>\n\t<meta name=\"twitter:data1\" content=\"1 minute\" \/>\n<script type=\"application\/ld+json\" class=\"yoast-schema-graph\">{\"@context\":\"https:\/\/schema.org\",\"@graph\":[{\"@type\":\"WebPage\",\"@id\":\"https:\/\/www.wpatelier.cz\/portfolio-wpatelier\/\",\"url\":\"https:\/\/www.wpatelier.cz\/portfolio-wpatelier\/\",\"name\":\"Portfolio WPATELIER - wpatelier.cz\",\"isPartOf\":{\"@id\":\"https:\/\/www.wpatelier.cz\/#website\"},\"primaryImageOfPage\":{\"@id\":\"https:\/\/www.wpatelier.cz\/portfolio-wpatelier\/#primaryimage\"},\"image\":{\"@id\":\"https:\/\/www.wpatelier.cz\/portfolio-wpatelier\/#primaryimage\"},\"thumbnailUrl\":\"http:\/\/www.wpatelier.cz\/wp-content\/uploads\/2024\/05\/RETEL-reference-3-620x500.jpg\",\"datePublished\":\"2024-05-20T02:32:55+00:00\",\"dateModified\":\"2024-12-07T21:32:01+00:00\",\"breadcrumb\":{\"@id\":\"https:\/\/www.wpatelier.cz\/portfolio-wpatelier\/#breadcrumb\"},\"inLanguage\":\"en-GB\",\"potentialAction\":[{\"@type\":\"ReadAction\",\"target\":[\"https:\/\/www.wpatelier.cz\/portfolio-wpatelier\/\"]}]},{\"@type\":\"ImageObject\",\"inLanguage\":\"en-GB\",\"@id\":\"https:\/\/www.wpatelier.cz\/portfolio-wpatelier\/#primaryimage\",\"url\":\"http:\/\/www.wpatelier.cz\/wp-content\/uploads\/2024\/05\/RETEL-reference-3-620x500.jpg\",\"contentUrl\":\"http:\/\/www.wpatelier.cz\/wp-content\/uploads\/2024\/05\/RETEL-reference-3-620x500.jpg\"},{\"@type\":\"BreadcrumbList\",\"@id\":\"https:\/\/www.wpatelier.cz\/portfolio-wpatelier\/#breadcrumb\",\"itemListElement\":[{\"@type\":\"ListItem\",\"position\":1,\"name\":\"Dom\u016f\",\"item\":\"https:\/\/www.wpatelier.cz\/\"},{\"@type\":\"ListItem\",\"position\":2,\"name\":\"Portfolio WPATELIER\"}]},{\"@type\":\"WebSite\",\"@id\":\"https:\/\/www.wpatelier.cz\/#website\",\"url\":\"https:\/\/www.wpatelier.cz\/\",\"name\":\"wpatelier.cz\",\"description\":\"\",\"publisher\":{\"@id\":\"https:\/\/www.wpatelier.cz\/#organization\"},\"potentialAction\":[{\"@type\":\"SearchAction\",\"target\":{\"@type\":\"EntryPoint\",\"urlTemplate\":\"https:\/\/www.wpatelier.cz\/?s={search_term_string}\"},\"query-input\":{\"@type\":\"PropertyValueSpecification\",\"valueRequired\":true,\"valueName\":\"search_term_string\"}}],\"inLanguage\":\"en-GB\"},{\"@type\":\"Organization\",\"@id\":\"https:\/\/www.wpatelier.cz\/#organization\",\"name\":\"wpatelier.cz\",\"url\":\"https:\/\/www.wpatelier.cz\/\",\"logo\":{\"@type\":\"ImageObject\",\"inLanguage\":\"en-GB\",\"@id\":\"https:\/\/www.wpatelier.cz\/#\/schema\/logo\/image\/\",\"url\":\"https:\/\/www.wpatelier.cz\/wp-content\/uploads\/2024\/12\/wpatelier-470-x-120-px-6.png\",\"contentUrl\":\"https:\/\/www.wpatelier.cz\/wp-content\/uploads\/2024\/12\/wpatelier-470-x-120-px-6.png\",\"width\":470,\"height\":120,\"caption\":\"wpatelier.cz\"},\"image\":{\"@id\":\"https:\/\/www.wpatelier.cz\/#\/schema\/logo\/image\/\"},\"sameAs\":[\"https:\/\/www.facebook.com\/wpatelier.cz\",\"https:\/\/www.linkedin.com\/company\/wpatelier\",\"https:\/\/www.instagram.com\/wpatelier.cz\/\"]}]}<\/script>\n<!-- \/ Yoast SEO plugin. -->","yoast_head_json":{"title":"Portfolio WPATELIER - wpatelier.cz","robots":{"index":"index","follow":"follow","max-snippet":"max-snippet:-1","max-image-preview":"max-image-preview:large","max-video-preview":"max-video-preview:-1"},"canonical":"https:\/\/www.wpatelier.cz\/en\/portfolio-wpatelier\/","og_locale":"en_GB","og_type":"article","og_title":"Portfolio WPATELIER - wpatelier.cz","og_description":"N\u00e1zev Projektu: Business Lifestyle Magazine s mo\u017enost\u00ed publikace SEO \u010dl\u00e1nk\u016f Jm\u00e9no Klienta: RETEL.cz Doba Realizace: 3 a\u017e 4 m\u011bs\u00edce N\u00e1zev Projektu: Prezenta\u010dn\u00ed a objedn\u00e1vkov\u00fd web pro recykla\u010dn\u00ed a svozovou slu\u017ebu Jm\u00e9no Klienta: RECYFO.cz Doba Realizace: 1 a\u017e 2 m\u011bs\u00edce N\u00e1zev Projektu: Prezenta\u010dn\u00ed a prodejn\u00ed web s automatizac\u00ed email\u016f, formul\u00e1\u0159\u016f a AI Chatbotem Jm\u00e9no Klienta: MyKangen.eu [&hellip;]","og_url":"https:\/\/www.wpatelier.cz\/en\/portfolio-wpatelier\/","og_site_name":"wpatelier.cz","article_publisher":"https:\/\/www.facebook.com\/wpatelier.cz","article_modified_time":"2024-12-07T21:32:01+00:00","og_image":[{"url":"http:\/\/www.wpatelier.cz\/wp-content\/uploads\/2024\/05\/RETEL-reference-3-620x500.jpg","type":"","width":"","height":""}],"twitter_card":"summary_large_image","twitter_misc":{"Estimated reading time":"1 minute"},"schema":{"@context":"https:\/\/schema.org","@graph":[{"@type":"WebPage","@id":"https:\/\/www.wpatelier.cz\/portfolio-wpatelier\/","url":"https:\/\/www.wpatelier.cz\/portfolio-wpatelier\/","name":"Portfolio WPATELIER - wpatelier.cz","isPartOf":{"@id":"https:\/\/www.wpatelier.cz\/#website"},"primaryImageOfPage":{"@id":"https:\/\/www.wpatelier.cz\/portfolio-wpatelier\/#primaryimage"},"image":{"@id":"https:\/\/www.wpatelier.cz\/portfolio-wpatelier\/#primaryimage"},"thumbnailUrl":"http:\/\/www.wpatelier.cz\/wp-content\/uploads\/2024\/05\/RETEL-reference-3-620x500.jpg","datePublished":"2024-05-20T02:32:55+00:00","dateModified":"2024-12-07T21:32:01+00:00","breadcrumb":{"@id":"https:\/\/www.wpatelier.cz\/portfolio-wpatelier\/#breadcrumb"},"inLanguage":"en-GB","potentialAction":[{"@type":"ReadAction","target":["https:\/\/www.wpatelier.cz\/portfolio-wpatelier\/"]}]},{"@type":"ImageObject","inLanguage":"en-GB","@id":"https:\/\/www.wpatelier.cz\/portfolio-wpatelier\/#primaryimage","url":"http:\/\/www.wpatelier.cz\/wp-content\/uploads\/2024\/05\/RETEL-reference-3-620x500.jpg","contentUrl":"http:\/\/www.wpatelier.cz\/wp-content\/uploads\/2024\/05\/RETEL-reference-3-620x500.jpg"},{"@type":"BreadcrumbList","@id":"https:\/\/www.wpatelier.cz\/portfolio-wpatelier\/#breadcrumb","itemListElement":[{"@type":"ListItem","position":1,"name":"Dom\u016f","item":"https:\/\/www.wpatelier.cz\/"},{"@type":"ListItem","position":2,"name":"Portfolio WPATELIER"}]},{"@type":"WebSite","@id":"https:\/\/www.wpatelier.cz\/#website","url":"https:\/\/www.wpatelier.cz\/","name":"wpatelier.cz","description":"","publisher":{"@id":"https:\/\/www.wpatelier.cz\/#organization"},"potentialAction":[{"@type":"SearchAction","target":{"@type":"EntryPoint","urlTemplate":"https:\/\/www.wpatelier.cz\/?s={search_term_string}"},"query-input":{"@type":"PropertyValueSpecification","valueRequired":true,"valueName":"search_term_string"}}],"inLanguage":"en-GB"},{"@type":"Organization","@id":"https:\/\/www.wpatelier.cz\/#organization","name":"wpatelier.cz","url":"https:\/\/www.wpatelier.cz\/","logo":{"@type":"ImageObject","inLanguage":"en-GB","@id":"https:\/\/www.wpatelier.cz\/#\/schema\/logo\/image\/","url":"https:\/\/www.wpatelier.cz\/wp-content\/uploads\/2024\/12\/wpatelier-470-x-120-px-6.png","contentUrl":"https:\/\/www.wpatelier.cz\/wp-content\/uploads\/2024\/12\/wpatelier-470-x-120-px-6.png","width":470,"height":120,"caption":"wpatelier.cz"},"image":{"@id":"https:\/\/www.wpatelier.cz\/#\/schema\/logo\/image\/"},"sameAs":["https:\/\/www.facebook.com\/wpatelier.cz","https:\/\/www.linkedin.com\/company\/wpatelier","https:\/\/www.instagram.com\/wpatelier.cz\/"]}]}},"_links":{"self":[{"href":"https:\/\/www.wpatelier.cz\/en\/wp-json\/wp\/v2\/pages\/525","targetHints":{"allow":["GET"]}}],"collection":[{"href":"https:\/\/www.wpatelier.cz\/en\/wp-json\/wp\/v2\/pages"}],"about":[{"href":"https:\/\/www.wpatelier.cz\/en\/wp-json\/wp\/v2\/types\/page"}],"author":[{"embeddable":true,"href":"https:\/\/www.wpatelier.cz\/en\/wp-json\/wp\/v2\/users\/1"}],"replies":[{"embeddable":true,"href":"https:\/\/www.wpatelier.cz\/en\/wp-json\/wp\/v2\/comments?post=525"}],"version-history":[{"count":0,"href":"https:\/\/www.wpatelier.cz\/en\/wp-json\/wp\/v2\/pages\/525\/revisions"}],"wp:attachment":[{"href":"https:\/\/www.wpatelier.cz\/en\/wp-json\/wp\/v2\/media?parent=525"}],"curies":[{"name":"wp","href":"https:\/\/api.w.org\/{rel}","templated":true}]}}