{"id":462,"date":"2024-05-17T07:35:31","date_gmt":"2024-05-17T07:35:31","guid":{"rendered":"https:\/\/demo.bravisthemes.com\/orritech\/?page_id=462"},"modified":"2024-05-17T07:35:31","modified_gmt":"2024-05-17T07:35:31","slug":"portfolio-grid","status":"publish","type":"page","link":"https:\/\/www.wpatelier.cz\/en\/portfolio-grid\/","title":{"rendered":"Portfolio Grid 1"},"content":{"rendered":"<div data-elementor-type=\"wp-page\" data-elementor-id=\"462\" class=\"elementor elementor-462\" data-elementor-post-type=\"page\">\n\t\t\t\t        <section class=\"elementor-section elementor-top-section elementor-element elementor-element-44024cf elementor-section-stretched elementor-section-boxed elementor-section-height-default elementor-section-height-default pxl-row-scroll-none pxl-bg-color-none pxl-section-overlay-none\" data-id=\"44024cf\" data-element_type=\"section\" data-e-type=\"section\" data-settings=\"{&quot;stretch_section&quot;:&quot;section-stretched&quot;}\">\n\n                \n                <div class=\"elementor-container elementor-column-gap-extended\">\n                <div class=\"elementor-column elementor-col-100 elementor-top-column elementor-element elementor-element-87aacc9 pxl-column-none\" data-id=\"87aacc9\" data-element_type=\"column\" data-e-type=\"column\">\r\n        <div class=\"elementor-widget-wrap elementor-element-populated\">\r\n                     \r\n        \t\t<div class=\"elementor-element elementor-element-7fa44fe pxl-post-layout-portfolio-1 elementor-widget elementor-widget-pxl_post_grid\" data-id=\"7fa44fe\" data-element_type=\"widget\" data-e-type=\"widget\" data-widget_type=\"pxl_post_grid.default\">\n\t\t\t\t<div class=\"elementor-widget-container\">\n\t\t\t\t\t\n<div id=\"pxl_post_grid-7fa44fe-7781\" class=\"pxl-grid pxl-portfolio-grid pxl-portfolio-grid-layout1\" data-layout=\"masonry\" data-start-page=\"1\" data-max-pages=\"1\" data-total=\"1\" data-perpage=\"6\" data-next-link=\"\">\n    \n    <div class=\"pxl-grid-inner pxl-grid-masonry row\" data-gutter=\"15\">\n        <div class=\"grid-sizer col-xl-4 col-lg-4 col-md-6 col-sm-6 col-12\"><\/div>\n                    <div class=\"pxl-grid-item col-xl-4 col-lg-4 col-md-6 col-sm-6 col-12\">\n                <div class=\"pxl-item--inner\" data-wow-duration=\"1.2s\">\n                    <a class=\"pxl-link\" href=\"https:\/\/www.wpatelier.cz\/en\/portfolio\/business-lifestyle-magazine-retel-cz-s-moznosti-publikace-ai-seo-clanku\/\"><\/a>\n                                            <div class=\"item--featured\">\n                            <img fetchpriority=\"high\" decoding=\"async\" class=\"no-lazyload\" src=\"https:\/\/www.wpatelier.cz\/wp-content\/uploads\/2024\/05\/RETEL-reference-3-420x512.jpg\" width=\"420\" height=\"512\" alt=\"RETEL reference-3\" title=\"RETEL reference-3\" \/>                            \n                        <\/div>\n                                        <div class=\"item--holder\">\n                        <h3 class=\"item--title\"><a href=\"https:\/\/www.wpatelier.cz\/en\/portfolio\/business-lifestyle-magazine-retel-cz-s-moznosti-publikace-ai-seo-clanku\/\">Business Lifestyle Magazine s mo\u017enost\u00ed publikace AI SEO \u010dl\u00e1nk\u016f<\/a><\/h3>\n                    <\/div>\n                    <ul class=\"pxl-content\">\n                                                    <li class=\"item--category\">\n                                <a href=\"https:\/\/www.wpatelier.cz\/en\/portfolio-category\/recenze\/\" rel=\"tag\">RECENZE<\/a>                            <\/li>\n                                            <\/ul>\n                <\/div>\n            <\/div>\n            <\/div>\n            <div class=\"pxl-grid-pagination\" data-loadmore=\"{&quot;post_type&quot;:&quot;portfolio&quot;,&quot;layout&quot;:&quot;portfolio-1&quot;,&quot;startPage&quot;:1,&quot;maxPages&quot;:1,&quot;total&quot;:1,&quot;perpage&quot;:&quot;6&quot;,&quot;nextLink&quot;:&quot;&quot;,&quot;source&quot;:&quot;&quot;,&quot;orderby&quot;:&quot;date&quot;,&quot;order&quot;:&quot;desc&quot;,&quot;limit&quot;:&quot;6&quot;,&quot;post_ids&quot;:[],&quot;col_xl&quot;:4,&quot;col_lg&quot;:4,&quot;col_md&quot;:6,&quot;col_sm&quot;:6,&quot;col_xs&quot;:12,&quot;pagination_type&quot;:&quot;pagination&quot;,&quot;show_category&quot;:&quot;true&quot;,&quot;img_size&quot;:&quot;&quot;,&quot;grid_masonry&quot;:&quot;&quot;,&quot;pxl_animate&quot;:&quot;&quot;,&quot;show_button&quot;:&quot;true&quot;,&quot;tax&quot;:[]}\" data-query=\"{&quot;post_type&quot;:&quot;portfolio&quot;,&quot;post_status&quot;:&quot;publish&quot;,&quot;posts_per_page&quot;:6,&quot;order&quot;:&quot;desc&quot;,&quot;orderby&quot;:&quot;date&quot;,&quot;tax_query&quot;:{&quot;relation&quot;:&quot;OR&quot;},&quot;post__not_in&quot;:[462]}\">\n                    <\/div>\n        <\/div>\t\t\t\t<\/div>\n\t\t\t\t<\/div>\n\t\t            <\/div>\r\n        <\/div>\r\n        \t\t\t<\/div>\n\t\t<\/section>\n\t\t\t\t<\/div>","protected":false},"excerpt":{"rendered":"<p>ERP Software for Jonson harry group of companies security Installing database design system in VR technology security Cyber security Installation for Procter and Gamble security Database Design For ERP Software security Technology training for top NY firm security Chatbot Installation for XYZ Corp security 01 02 Next<\/p>","protected":false},"author":1,"featured_media":0,"parent":0,"menu_order":0,"comment_status":"closed","ping_status":"closed","template":"","meta":{"footnotes":""},"class_list":["post-462","page","type-page","status-publish","hentry"],"yoast_head":"<!-- This site is optimized with the Yoast SEO plugin v25.8 - https:\/\/yoast.com\/wordpress\/plugins\/seo\/ -->\n<title>Portfolio Grid 1 - wpatelier.cz<\/title>\n<meta name=\"robots\" content=\"index, follow, max-snippet:-1, max-image-preview:large, max-video-preview:-1\" \/>\n<link rel=\"canonical\" href=\"https:\/\/www.wpatelier.cz\/en\/portfolio-grid\/\" \/>\n<meta property=\"og:locale\" content=\"en_GB\" \/>\n<meta property=\"og:type\" content=\"article\" \/>\n<meta property=\"og:title\" content=\"Portfolio Grid 1 - wpatelier.cz\" \/>\n<meta property=\"og:description\" content=\"ERP Software for Jonson harry group of companies security Installing database design system in VR technology security Cyber security Installation for Procter and Gamble security Database Design For ERP Software security Technology training for top NY firm security Chatbot Installation for XYZ Corp security 01 02 Next\" \/>\n<meta property=\"og:url\" content=\"https:\/\/www.wpatelier.cz\/en\/portfolio-grid\/\" \/>\n<meta property=\"og:site_name\" content=\"wpatelier.cz\" \/>\n<meta property=\"article:publisher\" content=\"https:\/\/www.facebook.com\/wpatelier.cz\" \/>\n<meta property=\"og:image\" content=\"https:\/\/www.wpatelier.cz\/wp-content\/uploads\/2024\/05\/img-portfolio7-420x512.webp\" \/>\n<meta name=\"twitter:card\" content=\"summary_large_image\" \/>\n<script type=\"application\/ld+json\" class=\"yoast-schema-graph\">{\"@context\":\"https:\/\/schema.org\",\"@graph\":[{\"@type\":\"WebPage\",\"@id\":\"https:\/\/www.wpatelier.cz\/portfolio-grid\/\",\"url\":\"https:\/\/www.wpatelier.cz\/portfolio-grid\/\",\"name\":\"Portfolio Grid 1 - wpatelier.cz\",\"isPartOf\":{\"@id\":\"https:\/\/www.wpatelier.cz\/#website\"},\"primaryImageOfPage\":{\"@id\":\"https:\/\/www.wpatelier.cz\/portfolio-grid\/#primaryimage\"},\"image\":{\"@id\":\"https:\/\/www.wpatelier.cz\/portfolio-grid\/#primaryimage\"},\"thumbnailUrl\":\"https:\/\/www.wpatelier.cz\/wp-content\/uploads\/2024\/05\/img-portfolio7-420x512.webp\",\"datePublished\":\"2024-05-17T07:35:31+00:00\",\"breadcrumb\":{\"@id\":\"https:\/\/www.wpatelier.cz\/portfolio-grid\/#breadcrumb\"},\"inLanguage\":\"en-GB\",\"potentialAction\":[{\"@type\":\"ReadAction\",\"target\":[\"https:\/\/www.wpatelier.cz\/portfolio-grid\/\"]}]},{\"@type\":\"ImageObject\",\"inLanguage\":\"en-GB\",\"@id\":\"https:\/\/www.wpatelier.cz\/portfolio-grid\/#primaryimage\",\"url\":\"https:\/\/www.wpatelier.cz\/wp-content\/uploads\/2024\/05\/img-portfolio7-420x512.webp\",\"contentUrl\":\"https:\/\/www.wpatelier.cz\/wp-content\/uploads\/2024\/05\/img-portfolio7-420x512.webp\"},{\"@type\":\"BreadcrumbList\",\"@id\":\"https:\/\/www.wpatelier.cz\/portfolio-grid\/#breadcrumb\",\"itemListElement\":[{\"@type\":\"ListItem\",\"position\":1,\"name\":\"Dom\u016f\",\"item\":\"https:\/\/www.wpatelier.cz\/\"},{\"@type\":\"ListItem\",\"position\":2,\"name\":\"Portfolio Grid 1\"}]},{\"@type\":\"WebSite\",\"@id\":\"https:\/\/www.wpatelier.cz\/#website\",\"url\":\"https:\/\/www.wpatelier.cz\/\",\"name\":\"wpatelier.cz\",\"description\":\"\",\"publisher\":{\"@id\":\"https:\/\/www.wpatelier.cz\/#organization\"},\"potentialAction\":[{\"@type\":\"SearchAction\",\"target\":{\"@type\":\"EntryPoint\",\"urlTemplate\":\"https:\/\/www.wpatelier.cz\/?s={search_term_string}\"},\"query-input\":{\"@type\":\"PropertyValueSpecification\",\"valueRequired\":true,\"valueName\":\"search_term_string\"}}],\"inLanguage\":\"en-GB\"},{\"@type\":\"Organization\",\"@id\":\"https:\/\/www.wpatelier.cz\/#organization\",\"name\":\"wpatelier.cz\",\"url\":\"https:\/\/www.wpatelier.cz\/\",\"logo\":{\"@type\":\"ImageObject\",\"inLanguage\":\"en-GB\",\"@id\":\"https:\/\/www.wpatelier.cz\/#\/schema\/logo\/image\/\",\"url\":\"https:\/\/www.wpatelier.cz\/wp-content\/uploads\/2024\/12\/wpatelier-470-x-120-px-6.png\",\"contentUrl\":\"https:\/\/www.wpatelier.cz\/wp-content\/uploads\/2024\/12\/wpatelier-470-x-120-px-6.png\",\"width\":470,\"height\":120,\"caption\":\"wpatelier.cz\"},\"image\":{\"@id\":\"https:\/\/www.wpatelier.cz\/#\/schema\/logo\/image\/\"},\"sameAs\":[\"https:\/\/www.facebook.com\/wpatelier.cz\",\"https:\/\/www.linkedin.com\/company\/wpatelier\",\"https:\/\/www.instagram.com\/wpatelier.cz\/\"]}]}<\/script>\n<!-- \/ Yoast SEO plugin. -->","yoast_head_json":{"title":"Portfolio Grid 1 - wpatelier.cz","robots":{"index":"index","follow":"follow","max-snippet":"max-snippet:-1","max-image-preview":"max-image-preview:large","max-video-preview":"max-video-preview:-1"},"canonical":"https:\/\/www.wpatelier.cz\/en\/portfolio-grid\/","og_locale":"en_GB","og_type":"article","og_title":"Portfolio Grid 1 - wpatelier.cz","og_description":"ERP Software for Jonson harry group of companies security Installing database design system in VR technology security Cyber security Installation for Procter and Gamble security Database Design For ERP Software security Technology training for top NY firm security Chatbot Installation for XYZ Corp security 01 02 Next","og_url":"https:\/\/www.wpatelier.cz\/en\/portfolio-grid\/","og_site_name":"wpatelier.cz","article_publisher":"https:\/\/www.facebook.com\/wpatelier.cz","og_image":[{"url":"https:\/\/www.wpatelier.cz\/wp-content\/uploads\/2024\/05\/img-portfolio7-420x512.webp","type":"","width":"","height":""}],"twitter_card":"summary_large_image","schema":{"@context":"https:\/\/schema.org","@graph":[{"@type":"WebPage","@id":"https:\/\/www.wpatelier.cz\/portfolio-grid\/","url":"https:\/\/www.wpatelier.cz\/portfolio-grid\/","name":"Portfolio Grid 1 - wpatelier.cz","isPartOf":{"@id":"https:\/\/www.wpatelier.cz\/#website"},"primaryImageOfPage":{"@id":"https:\/\/www.wpatelier.cz\/portfolio-grid\/#primaryimage"},"image":{"@id":"https:\/\/www.wpatelier.cz\/portfolio-grid\/#primaryimage"},"thumbnailUrl":"https:\/\/www.wpatelier.cz\/wp-content\/uploads\/2024\/05\/img-portfolio7-420x512.webp","datePublished":"2024-05-17T07:35:31+00:00","breadcrumb":{"@id":"https:\/\/www.wpatelier.cz\/portfolio-grid\/#breadcrumb"},"inLanguage":"en-GB","potentialAction":[{"@type":"ReadAction","target":["https:\/\/www.wpatelier.cz\/portfolio-grid\/"]}]},{"@type":"ImageObject","inLanguage":"en-GB","@id":"https:\/\/www.wpatelier.cz\/portfolio-grid\/#primaryimage","url":"https:\/\/www.wpatelier.cz\/wp-content\/uploads\/2024\/05\/img-portfolio7-420x512.webp","contentUrl":"https:\/\/www.wpatelier.cz\/wp-content\/uploads\/2024\/05\/img-portfolio7-420x512.webp"},{"@type":"BreadcrumbList","@id":"https:\/\/www.wpatelier.cz\/portfolio-grid\/#breadcrumb","itemListElement":[{"@type":"ListItem","position":1,"name":"Dom\u016f","item":"https:\/\/www.wpatelier.cz\/"},{"@type":"ListItem","position":2,"name":"Portfolio Grid 1"}]},{"@type":"WebSite","@id":"https:\/\/www.wpatelier.cz\/#website","url":"https:\/\/www.wpatelier.cz\/","name":"wpatelier.cz","description":"","publisher":{"@id":"https:\/\/www.wpatelier.cz\/#organization"},"potentialAction":[{"@type":"SearchAction","target":{"@type":"EntryPoint","urlTemplate":"https:\/\/www.wpatelier.cz\/?s={search_term_string}"},"query-input":{"@type":"PropertyValueSpecification","valueRequired":true,"valueName":"search_term_string"}}],"inLanguage":"en-GB"},{"@type":"Organization","@id":"https:\/\/www.wpatelier.cz\/#organization","name":"wpatelier.cz","url":"https:\/\/www.wpatelier.cz\/","logo":{"@type":"ImageObject","inLanguage":"en-GB","@id":"https:\/\/www.wpatelier.cz\/#\/schema\/logo\/image\/","url":"https:\/\/www.wpatelier.cz\/wp-content\/uploads\/2024\/12\/wpatelier-470-x-120-px-6.png","contentUrl":"https:\/\/www.wpatelier.cz\/wp-content\/uploads\/2024\/12\/wpatelier-470-x-120-px-6.png","width":470,"height":120,"caption":"wpatelier.cz"},"image":{"@id":"https:\/\/www.wpatelier.cz\/#\/schema\/logo\/image\/"},"sameAs":["https:\/\/www.facebook.com\/wpatelier.cz","https:\/\/www.linkedin.com\/company\/wpatelier","https:\/\/www.instagram.com\/wpatelier.cz\/"]}]}},"_links":{"self":[{"href":"https:\/\/www.wpatelier.cz\/en\/wp-json\/wp\/v2\/pages\/462","targetHints":{"allow":["GET"]}}],"collection":[{"href":"https:\/\/www.wpatelier.cz\/en\/wp-json\/wp\/v2\/pages"}],"about":[{"href":"https:\/\/www.wpatelier.cz\/en\/wp-json\/wp\/v2\/types\/page"}],"author":[{"embeddable":true,"href":"https:\/\/www.wpatelier.cz\/en\/wp-json\/wp\/v2\/users\/1"}],"replies":[{"embeddable":true,"href":"https:\/\/www.wpatelier.cz\/en\/wp-json\/wp\/v2\/comments?post=462"}],"version-history":[{"count":0,"href":"https:\/\/www.wpatelier.cz\/en\/wp-json\/wp\/v2\/pages\/462\/revisions"}],"wp:attachment":[{"href":"https:\/\/www.wpatelier.cz\/en\/wp-json\/wp\/v2\/media?parent=462"}],"curies":[{"name":"wp","href":"https:\/\/api.w.org\/{rel}","templated":true}]}}