{"id":42,"date":"2024-05-13T10:31:45","date_gmt":"2024-05-13T10:31:45","guid":{"rendered":"https:\/\/demo.bravisthemes.com\/orritech\/?page_id=42"},"modified":"2024-12-09T20:59:20","modified_gmt":"2024-12-09T20:59:20","slug":"obchodni-podminky","status":"publish","type":"page","link":"https:\/\/www.wpatelier.cz\/en\/obchodni-podminky\/","title":{"rendered":"Obchodn\u00ed podm\u00ednky"},"content":{"rendered":"<p><strong>1. \u00davodn\u00ed ustanoven\u00ed<\/strong><\/p>\n\n\n\n<p>V\u00edtejte na webov\u00fdch str\u00e1nk\u00e1ch <a href=\"http:\/\/www.wpatelier.cz\/en\/\">www.wpatelier.cz<\/a> (d\u00e1le jen &#8220;Web&#8221;). Tyto Obchodn\u00ed podm\u00ednky upravuj\u00ed pr\u00e1va a povinnosti mezi <strong>RETEL GROUP s.r.o.<\/strong> (d\u00e1le jen &#8220;Poskytovatel&#8221;) a u\u017eivateli Webu (d\u00e1le jen &#8220;U\u017eivatel&#8221; nebo &#8220;Vy&#8221;) v souladu s platn\u00fdmi pr\u00e1vn\u00edmi p\u0159edpisy \u010cesk\u00e9 republiky.<\/p>\n\n\n\n<p><strong>2. Definice<\/strong><\/p>\n\n\n\n<ul class=\"wp-block-list\">\n<li><strong>Poskytovatel<\/strong> \u2013 RETEL GROUP s.r.o., I\u010c: 27804097, DI\u010c: 27804097, se s\u00eddlem Po\u0161tovn\u00ed 39\/2, Ostrava \u2013 Moravsk\u00e1 702 00, email: <a href=\"mailto:info@wpatelier.cz\">info@wpatelier.cz<\/a>, telefon: +420 606 088 595.<\/li>\n\n\n\n<li><strong>U\u017eivatel<\/strong> \u2013 fyzick\u00e1 nebo pr\u00e1vnick\u00e1 osoba, kter\u00e1 vyu\u017e\u00edv\u00e1 slu\u017eby poskytovan\u00e9 prost\u0159ednictv\u00edm Webu.<\/li>\n\n\n\n<li><strong>Slu\u017eby<\/strong> \u2013 ve\u0161ker\u00e9 produkty a slu\u017eby nab\u00edzen\u00e9 na Webu.<\/li>\n<\/ul>\n\n\n\n<p><strong>3. P\u0159edm\u011bt smlouvy<\/strong><\/p>\n\n\n\n<p>Poskytovatel prost\u0159ednictv\u00edm Webu nab\u00edz\u00ed a U\u017eivatel m\u00e1 mo\u017enost vyu\u017e\u00edvat n\u00e1sleduj\u00edc\u00ed slu\u017eby:<\/p>\n\n\n\n<ul class=\"wp-block-list\">\n<li><strong>Integrace AI chatbot\u016f<\/strong><\/li>\n\n\n\n<li><strong>Automatizovan\u00e9 e-maily<\/strong><\/li>\n\n\n\n<li><strong>Popt\u00e1vkov\u00e9 formul\u00e1\u0159e<\/strong><\/li>\n\n\n\n<li><strong>Spr\u00e1va Soci\u00e1ln\u00edch S\u00edt\u00ed<\/strong><\/li>\n\n\n\n<li><strong>Tvorba WordPress web\u016f<\/strong><\/li>\n\n\n\n<li><strong>Aplikace pro iOS\/Android<\/strong><\/li>\n\n\n\n<li><strong>SEO &amp; PR<\/strong><\/li>\n<\/ul>\n\n\n\n<p><strong>4. Registrace a vytvo\u0159en\u00ed \u00fa\u010dtu<\/strong><\/p>\n\n\n\n<p>Pro vyu\u017e\u00edv\u00e1n\u00ed n\u011bkter\u00fdch slu\u017eeb na Webu m\u016f\u017ee b\u00fdt vy\u017eadov\u00e1na registrace a vytvo\u0159en\u00ed u\u017eivatelsk\u00e9ho \u00fa\u010dtu. U\u017eivatel je povinen uv\u00e1d\u011bt pravdiv\u00e9 a \u00fapln\u00e9 informace p\u0159i registraci a je odpov\u011bdn\u00fd za zachov\u00e1n\u00ed d\u016fv\u011brnosti sv\u00fdch p\u0159ihla\u0161ovac\u00edch \u00fadaj\u016f.<\/p>\n\n\n\n<p><strong>5. Objedn\u00e1vky a platby<\/strong><\/p>\n\n\n\n<p>Pokud Web nab\u00edz\u00ed prodej slu\u017eeb, jsou zde uvedeny podm\u00ednky objedn\u00e1v\u00e1n\u00ed a plateb:<\/p>\n\n\n\n<ul class=\"wp-block-list\">\n<li><strong>Objedn\u00e1vka:<\/strong> U\u017eivatel vypln\u00ed objedn\u00e1vkov\u00fd formul\u00e1\u0159 s po\u017eadovan\u00fdmi \u00fadaji.<\/li>\n\n\n\n<li><strong>Platba:<\/strong> Platba je mo\u017en\u00e1 pouze bankovn\u00edm p\u0159evodem na \u00fa\u010det Poskytovatele. \u00dadaje pro bankovn\u00ed p\u0159evod budou poskytnuty p\u0159i potvrzen\u00ed objedn\u00e1vky.<\/li>\n\n\n\n<li><strong>Z\u00e1loha:<\/strong> Na objednan\u00e9 slu\u017eby je t\u0159eba slo\u017eit z\u00e1lohu ve v\u00fd\u0161i minim\u00e1ln\u011b 1\/3 (jedna t\u0159etina) ze stanoven\u00e9 p\u0159edpokl\u00e1dan\u00e9 ceny.<\/li>\n\n\n\n<li><strong>Celkov\u00e1 cena:<\/strong> Cena m\u016f\u017ee b\u00fdt nav\u00fd\u0161ena o maxim\u00e1ln\u011b 20 % v r\u00e1mci b\u011b\u017en\u00e9ho postupu a nav\u00fd\u0161en\u00ed rozsahu pracovn\u00edch \u00fakon\u016f. U\u017eivatel bude o jak\u00e9mkoli nav\u00fd\u0161en\u00ed ceny v\u010das informov\u00e1n a poskytne souhlas.<\/li>\n\n\n\n<li><strong>Potvrzen\u00ed objedn\u00e1vky:<\/strong> Po \u00fasp\u011b\u0161n\u00e9 objedn\u00e1vce obdr\u017e\u00ed U\u017eivatel potvrzen\u00ed e-mailem obsahuj\u00edc\u00ed podrobnosti objedn\u00e1vky a platebn\u00ed instrukce.<\/li>\n\n\n\n<li><strong>Podm\u00ednky pro fyzick\u00e9 produkty:<\/strong> Fyzick\u00e9 produkty nejsou standardn\u011b p\u0159ed\u00e1v\u00e1ny, pouze online, a to dle dohody a p\u0159edpokl\u00e1dan\u00e9ho term\u00ednu realizace s b\u011b\u017en\u00fdm p\u0159esahem 20 %. Tento p\u0159edpoklad plat\u00ed za p\u0159edpokladu zaplacen\u00fdch z\u00e1loh v term\u00ednu splatnosti.<\/li>\n\n\n\n<li><strong>Prodlen\u00ed s platbou z\u00e1lohov\u00e9 faktury:<\/strong> V p\u0159\u00edpad\u011b prodlen\u00ed s platbou z\u00e1lohov\u00e9 faktury se automaticky na projektu p\u0159estane pracovat a doba realizace se za\u010dne prodlu\u017eovat v p\u0159\u00edm\u00e9 \u00fam\u011b\u0159e doby splatnosti.<\/li>\n<\/ul>\n\n\n\n<p><strong>6. Dod\u00e1n\u00ed a p\u0159eprava<\/strong><\/p>\n\n\n\n<p>Pokud jsou poskytov\u00e1ny fyzick\u00e9 produkty, jsou dod\u00e1ny pouze na z\u00e1klad\u011b speci\u00e1ln\u00ed dohody mezi Poskytovatelem a U\u017eivatelem. N\u00ed\u017ee jsou uvedeny informace o dod\u00e1n\u00ed:<\/p>\n\n\n\n<ul class=\"wp-block-list\">\n<li><strong>Doba dod\u00e1n\u00ed:<\/strong> Dodac\u00ed lh\u016fta bude stanovena individu\u00e1ln\u011b dle dohody a p\u0159edpokl\u00e1dan\u00e9ho term\u00ednu realizace s p\u0159esahem do 20 %.<\/li>\n\n\n\n<li><strong>Zp\u016fsob p\u0159epravy:<\/strong> Zvolen\u00e1 p\u0159epravn\u00ed slu\u017eba bude dohodnuta mezi Poskytovatelem a U\u017eivatelem.<\/li>\n\n\n\n<li><strong>N\u00e1klady na p\u0159epravu:<\/strong> N\u00e1klady na p\u0159epravu budou specifikov\u00e1ny p\u0159i individu\u00e1ln\u00ed objedn\u00e1vce. V n\u011bkter\u00fdch p\u0159\u00edpadech m\u016f\u017ee b\u00fdt doprava zdarma, pokud to bude specifikov\u00e1no v objedn\u00e1vce.<\/li>\n<\/ul>\n\n\n\n<p><strong>7. Odstoupen\u00ed od smlouvy<\/strong><\/p>\n\n\n\n<p>U\u017eivatel m\u00e1 pr\u00e1vo odstoupit od smlouvy do 14 dn\u016f od p\u0159evzet\u00ed zbo\u017e\u00ed bez ud\u00e1n\u00ed d\u016fvodu. Pro odstoupen\u00ed je nutn\u00e9:<\/p>\n\n\n\n<ul class=\"wp-block-list\">\n<li>Informovat Poskytovatele p\u00edsemn\u011b na adresu Po\u0161tovn\u00ed 39\/2, Ostrava \u2013 Moravsk\u00e1 702 00 nebo emailov\u011b na <a href=\"mailto:info@wpatelier.cz\">info@wpatelier.cz<\/a>.<\/li>\n\n\n\n<li>Vr\u00e1tit zbo\u017e\u00ed v p\u016fvodn\u00edm stavu a obalu.<\/li>\n<\/ul>\n\n\n\n<p><strong>8. Reklamace a vr\u00e1cen\u00ed zbo\u017e\u00ed<\/strong><\/p>\n\n\n\n<p>Pokud je s dodan\u00fdm produktem probl\u00e9m, m\u00e1 U\u017eivatel pr\u00e1vo na reklamaci:<\/p>\n\n\n\n<ul class=\"wp-block-list\">\n<li><strong>Reklamace:<\/strong> Kontaktujte Poskytovatele na <a href=\"mailto:info@wpatelier.cz\">info@wpatelier.cz<\/a> nebo telefonicky na +420 606 088 595.<\/li>\n\n\n\n<li><strong>Postup reklamace:<\/strong> Popi\u0161te probl\u00e9m a p\u0159ilo\u017ete d\u016fkazy (nap\u0159. fotografie).<\/li>\n\n\n\n<li><strong>Vr\u00e1cen\u00ed zbo\u017e\u00ed:<\/strong> V p\u0159\u00edpad\u011b uzn\u00e1n\u00ed reklamace je mo\u017en\u00e9 zbo\u017e\u00ed vym\u011bnit nebo vr\u00e1tit pen\u00edze.<\/li>\n<\/ul>\n\n\n\n<p><strong>9. Ochrana osobn\u00edch \u00fadaj\u016f<\/strong><\/p>\n\n\n\n<p>Zpracov\u00e1v\u00e1n\u00ed osobn\u00edch \u00fadaj\u016f je upraveno v <a href=\"https:\/\/editee.com\/uzivatel\/chat\/896623#\">Z\u00e1sad\u00e1ch ochrany osobn\u00edch \u00fadaj\u016f<\/a>, kter\u00e9 jsou sou\u010d\u00e1st\u00ed t\u011bchto Obchodn\u00edch podm\u00ednek.<\/p>\n\n\n\n<p><strong>10. Odpov\u011bdnost a z\u00e1ruky<\/strong><\/p>\n\n\n\n<p>Poskytovatel zaji\u0161\u0165uje, \u017ee poskytovan\u00e9 slu\u017eby a produkty odpov\u00eddaj\u00ed popisu na Webu. Nenese odpov\u011bdnost za \u0161kody vznikl\u00e9 v d\u016fsledku nespr\u00e1vn\u00e9ho pou\u017e\u00edv\u00e1n\u00ed slu\u017eeb nebo produkt\u016f.<\/p>\n\n\n\n<p><strong>11. Du\u0161evn\u00ed vlastnictv\u00ed<\/strong><\/p>\n\n\n\n<p>Ve\u0161ker\u00fd obsah Webu, v\u010detn\u011b text\u016f, obr\u00e1zk\u016f, log a grafiky, je chr\u00e1n\u011bn autorsk\u00fdm pr\u00e1vem a je vlastn\u011bn Poskytovatelem nebo jeho partnery. Jak\u00e9koli neopr\u00e1vn\u011bn\u00e9 u\u017eit\u00ed je zak\u00e1z\u00e1no.<\/p>\n\n\n\n<p><strong>12. Zm\u011bny obchodn\u00edch podm\u00ednek<\/strong><\/p>\n\n\n\n<p>Poskytovatel si vyhrazuje pr\u00e1vo tyto Obchodn\u00ed podm\u00ednky kdykoli zm\u011bnit. O zm\u011bn\u00e1ch bude U\u017eivatel informov\u00e1n zve\u0159ejn\u011bn\u00edm aktualizovan\u00fdch podm\u00ednek na Webu. Pokra\u010dov\u00e1n\u00edm v pou\u017e\u00edv\u00e1n\u00ed Webu po zm\u011bn\u00e1ch U\u017eivatel souhlas\u00ed s nov\u00fdmi podm\u00ednkami.<\/p>\n\n\n\n<p><strong>13. Rozhodn\u00e9 pr\u00e1vo a \u0159e\u0161en\u00ed spor\u016f<\/strong><\/p>\n\n\n\n<p>Tyto Obchodn\u00ed podm\u00ednky se \u0159\u00edd\u00ed pr\u00e1vn\u00edm \u0159\u00e1dem \u010cesk\u00e9 republiky. V p\u0159\u00edpad\u011b spor\u016f mezi Poskytovatelem a U\u017eivatelem bude spor \u0159e\u0161en p\u0159\u00edslu\u0161n\u00fdm soudem v \u010cesk\u00e9 republice.<\/p>\n\n\n\n<p><strong>14. Kontakt<\/strong><\/p>\n\n\n\n<p>Pokud m\u00e1te jak\u00e9koliv dotazy k t\u011bmto Obchodn\u00edm podm\u00ednk\u00e1m, kontaktujte n\u00e1s na:<\/p>\n\n\n\n<p><strong>RETEL GROUP s.r.o.<\/strong><\/p>\n\n\n\n<p><strong>Adresa:<\/strong> Po\u0161tovn\u00ed 39\/2, Ostrava \u2013 Moravsk\u00e1 702 00<\/p>\n\n\n\n<p><strong>I\u010c:<\/strong> 27804097 <strong>DI\u010c:<\/strong> 27804097<\/p>\n\n\n\n<p><strong>Email:<\/strong> <a href=\"mailto:info@wpatelier.cz\">info@wpatelier.cz<\/a><\/p>\n\n\n\n<p><strong>Telefon:<\/strong> +420 606 088 595<\/p>\n\n\n\n<hr class=\"wp-block-separator has-alpha-channel-opacity\"\/>\n\n\n\n<p><strong>RETEL GROUP s.r.o.<\/strong><\/p>\n\n\n\n<p><strong>Upozorn\u011bn\u00ed:<\/strong> Tento dokument je vzor a m\u011bl by b\u00fdt p\u0159izp\u016fsoben specifik\u016fm Va\u0161eho podnik\u00e1n\u00ed a poskytovan\u00fdch slu\u017eeb \u010di produkt\u016f. Doporu\u010dujeme konzultaci s pr\u00e1vn\u00edm odborn\u00edkem p\u0159i finalizaci Obchodn\u00edch podm\u00ednek.<\/p>","protected":false},"excerpt":{"rendered":"<p>1. \u00davodn\u00ed ustanoven\u00ed V\u00edtejte na webov\u00fdch str\u00e1nk\u00e1ch www.wpatelier.cz (d\u00e1le jen &#8220;Web&#8221;). Tyto Obchodn\u00ed podm\u00ednky upravuj\u00ed pr\u00e1va a povinnosti mezi RETEL GROUP s.r.o. (d\u00e1le jen &#8220;Poskytovatel&#8221;) a u\u017eivateli Webu (d\u00e1le jen &#8220;U\u017eivatel&#8221; nebo &#8220;Vy&#8221;) v souladu s platn\u00fdmi pr\u00e1vn\u00edmi p\u0159edpisy \u010cesk\u00e9 republiky. 2. Definice 3. P\u0159edm\u011bt smlouvy Poskytovatel prost\u0159ednictv\u00edm Webu nab\u00edz\u00ed a U\u017eivatel m\u00e1 mo\u017enost vyu\u017e\u00edvat [&hellip;]<\/p>","protected":false},"author":1,"featured_media":0,"parent":0,"menu_order":0,"comment_status":"closed","ping_status":"closed","template":"","meta":{"footnotes":""},"class_list":["post-42","page","type-page","status-publish","hentry"],"yoast_head":"<!-- This site is optimized with the Yoast SEO plugin v25.8 - https:\/\/yoast.com\/wordpress\/plugins\/seo\/ -->\n<title>Obchodn\u00ed podm\u00ednky - wpatelier.cz<\/title>\n<meta name=\"robots\" content=\"index, follow, max-snippet:-1, max-image-preview:large, max-video-preview:-1\" \/>\n<link rel=\"canonical\" href=\"https:\/\/www.wpatelier.cz\/en\/obchodni-podminky\/\" \/>\n<meta property=\"og:locale\" content=\"en_GB\" \/>\n<meta property=\"og:type\" content=\"article\" \/>\n<meta property=\"og:title\" content=\"Obchodn\u00ed podm\u00ednky - wpatelier.cz\" \/>\n<meta property=\"og:description\" content=\"1. \u00davodn\u00ed ustanoven\u00ed V\u00edtejte na webov\u00fdch str\u00e1nk\u00e1ch www.wpatelier.cz (d\u00e1le jen &#8220;Web&#8221;). Tyto Obchodn\u00ed podm\u00ednky upravuj\u00ed pr\u00e1va a povinnosti mezi RETEL GROUP s.r.o. (d\u00e1le jen &#8220;Poskytovatel&#8221;) a u\u017eivateli Webu (d\u00e1le jen &#8220;U\u017eivatel&#8221; nebo &#8220;Vy&#8221;) v souladu s platn\u00fdmi pr\u00e1vn\u00edmi p\u0159edpisy \u010cesk\u00e9 republiky. 2. Definice 3. P\u0159edm\u011bt smlouvy Poskytovatel prost\u0159ednictv\u00edm Webu nab\u00edz\u00ed a U\u017eivatel m\u00e1 mo\u017enost vyu\u017e\u00edvat [&hellip;]\" \/>\n<meta property=\"og:url\" content=\"https:\/\/www.wpatelier.cz\/en\/obchodni-podminky\/\" \/>\n<meta property=\"og:site_name\" content=\"wpatelier.cz\" \/>\n<meta property=\"article:publisher\" content=\"https:\/\/www.facebook.com\/wpatelier.cz\" \/>\n<meta property=\"article:modified_time\" content=\"2024-12-09T20:59:20+00:00\" \/>\n<meta name=\"twitter:card\" content=\"summary_large_image\" \/>\n<meta name=\"twitter:label1\" content=\"Estimated reading time\" \/>\n\t<meta name=\"twitter:data1\" content=\"5 minutes\" \/>\n<script type=\"application\/ld+json\" class=\"yoast-schema-graph\">{\"@context\":\"https:\/\/schema.org\",\"@graph\":[{\"@type\":\"WebPage\",\"@id\":\"https:\/\/www.wpatelier.cz\/obchodni-podminky\/\",\"url\":\"https:\/\/www.wpatelier.cz\/obchodni-podminky\/\",\"name\":\"Obchodn\u00ed podm\u00ednky - wpatelier.cz\",\"isPartOf\":{\"@id\":\"https:\/\/www.wpatelier.cz\/#website\"},\"datePublished\":\"2024-05-13T10:31:45+00:00\",\"dateModified\":\"2024-12-09T20:59:20+00:00\",\"breadcrumb\":{\"@id\":\"https:\/\/www.wpatelier.cz\/obchodni-podminky\/#breadcrumb\"},\"inLanguage\":\"en-GB\",\"potentialAction\":[{\"@type\":\"ReadAction\",\"target\":[\"https:\/\/www.wpatelier.cz\/obchodni-podminky\/\"]}]},{\"@type\":\"BreadcrumbList\",\"@id\":\"https:\/\/www.wpatelier.cz\/obchodni-podminky\/#breadcrumb\",\"itemListElement\":[{\"@type\":\"ListItem\",\"position\":1,\"name\":\"Dom\u016f\",\"item\":\"https:\/\/www.wpatelier.cz\/\"},{\"@type\":\"ListItem\",\"position\":2,\"name\":\"Obchodn\u00ed podm\u00ednky\"}]},{\"@type\":\"WebSite\",\"@id\":\"https:\/\/www.wpatelier.cz\/#website\",\"url\":\"https:\/\/www.wpatelier.cz\/\",\"name\":\"wpatelier.cz\",\"description\":\"\",\"publisher\":{\"@id\":\"https:\/\/www.wpatelier.cz\/#organization\"},\"potentialAction\":[{\"@type\":\"SearchAction\",\"target\":{\"@type\":\"EntryPoint\",\"urlTemplate\":\"https:\/\/www.wpatelier.cz\/?s={search_term_string}\"},\"query-input\":{\"@type\":\"PropertyValueSpecification\",\"valueRequired\":true,\"valueName\":\"search_term_string\"}}],\"inLanguage\":\"en-GB\"},{\"@type\":\"Organization\",\"@id\":\"https:\/\/www.wpatelier.cz\/#organization\",\"name\":\"wpatelier.cz\",\"url\":\"https:\/\/www.wpatelier.cz\/\",\"logo\":{\"@type\":\"ImageObject\",\"inLanguage\":\"en-GB\",\"@id\":\"https:\/\/www.wpatelier.cz\/#\/schema\/logo\/image\/\",\"url\":\"https:\/\/www.wpatelier.cz\/wp-content\/uploads\/2024\/12\/wpatelier-470-x-120-px-6.png\",\"contentUrl\":\"https:\/\/www.wpatelier.cz\/wp-content\/uploads\/2024\/12\/wpatelier-470-x-120-px-6.png\",\"width\":470,\"height\":120,\"caption\":\"wpatelier.cz\"},\"image\":{\"@id\":\"https:\/\/www.wpatelier.cz\/#\/schema\/logo\/image\/\"},\"sameAs\":[\"https:\/\/www.facebook.com\/wpatelier.cz\",\"https:\/\/www.linkedin.com\/company\/wpatelier\",\"https:\/\/www.instagram.com\/wpatelier.cz\/\"]}]}<\/script>\n<!-- \/ Yoast SEO plugin. -->","yoast_head_json":{"title":"Obchodn\u00ed podm\u00ednky - wpatelier.cz","robots":{"index":"index","follow":"follow","max-snippet":"max-snippet:-1","max-image-preview":"max-image-preview:large","max-video-preview":"max-video-preview:-1"},"canonical":"https:\/\/www.wpatelier.cz\/en\/obchodni-podminky\/","og_locale":"en_GB","og_type":"article","og_title":"Obchodn\u00ed podm\u00ednky - wpatelier.cz","og_description":"1. \u00davodn\u00ed ustanoven\u00ed V\u00edtejte na webov\u00fdch str\u00e1nk\u00e1ch www.wpatelier.cz (d\u00e1le jen &#8220;Web&#8221;). Tyto Obchodn\u00ed podm\u00ednky upravuj\u00ed pr\u00e1va a povinnosti mezi RETEL GROUP s.r.o. (d\u00e1le jen &#8220;Poskytovatel&#8221;) a u\u017eivateli Webu (d\u00e1le jen &#8220;U\u017eivatel&#8221; nebo &#8220;Vy&#8221;) v souladu s platn\u00fdmi pr\u00e1vn\u00edmi p\u0159edpisy \u010cesk\u00e9 republiky. 2. Definice 3. P\u0159edm\u011bt smlouvy Poskytovatel prost\u0159ednictv\u00edm Webu nab\u00edz\u00ed a U\u017eivatel m\u00e1 mo\u017enost vyu\u017e\u00edvat [&hellip;]","og_url":"https:\/\/www.wpatelier.cz\/en\/obchodni-podminky\/","og_site_name":"wpatelier.cz","article_publisher":"https:\/\/www.facebook.com\/wpatelier.cz","article_modified_time":"2024-12-09T20:59:20+00:00","twitter_card":"summary_large_image","twitter_misc":{"Estimated reading time":"5 minutes"},"schema":{"@context":"https:\/\/schema.org","@graph":[{"@type":"WebPage","@id":"https:\/\/www.wpatelier.cz\/obchodni-podminky\/","url":"https:\/\/www.wpatelier.cz\/obchodni-podminky\/","name":"Obchodn\u00ed podm\u00ednky - wpatelier.cz","isPartOf":{"@id":"https:\/\/www.wpatelier.cz\/#website"},"datePublished":"2024-05-13T10:31:45+00:00","dateModified":"2024-12-09T20:59:20+00:00","breadcrumb":{"@id":"https:\/\/www.wpatelier.cz\/obchodni-podminky\/#breadcrumb"},"inLanguage":"en-GB","potentialAction":[{"@type":"ReadAction","target":["https:\/\/www.wpatelier.cz\/obchodni-podminky\/"]}]},{"@type":"BreadcrumbList","@id":"https:\/\/www.wpatelier.cz\/obchodni-podminky\/#breadcrumb","itemListElement":[{"@type":"ListItem","position":1,"name":"Dom\u016f","item":"https:\/\/www.wpatelier.cz\/"},{"@type":"ListItem","position":2,"name":"Obchodn\u00ed podm\u00ednky"}]},{"@type":"WebSite","@id":"https:\/\/www.wpatelier.cz\/#website","url":"https:\/\/www.wpatelier.cz\/","name":"wpatelier.cz","description":"","publisher":{"@id":"https:\/\/www.wpatelier.cz\/#organization"},"potentialAction":[{"@type":"SearchAction","target":{"@type":"EntryPoint","urlTemplate":"https:\/\/www.wpatelier.cz\/?s={search_term_string}"},"query-input":{"@type":"PropertyValueSpecification","valueRequired":true,"valueName":"search_term_string"}}],"inLanguage":"en-GB"},{"@type":"Organization","@id":"https:\/\/www.wpatelier.cz\/#organization","name":"wpatelier.cz","url":"https:\/\/www.wpatelier.cz\/","logo":{"@type":"ImageObject","inLanguage":"en-GB","@id":"https:\/\/www.wpatelier.cz\/#\/schema\/logo\/image\/","url":"https:\/\/www.wpatelier.cz\/wp-content\/uploads\/2024\/12\/wpatelier-470-x-120-px-6.png","contentUrl":"https:\/\/www.wpatelier.cz\/wp-content\/uploads\/2024\/12\/wpatelier-470-x-120-px-6.png","width":470,"height":120,"caption":"wpatelier.cz"},"image":{"@id":"https:\/\/www.wpatelier.cz\/#\/schema\/logo\/image\/"},"sameAs":["https:\/\/www.facebook.com\/wpatelier.cz","https:\/\/www.linkedin.com\/company\/wpatelier","https:\/\/www.instagram.com\/wpatelier.cz\/"]}]}},"_links":{"self":[{"href":"https:\/\/www.wpatelier.cz\/en\/wp-json\/wp\/v2\/pages\/42","targetHints":{"allow":["GET"]}}],"collection":[{"href":"https:\/\/www.wpatelier.cz\/en\/wp-json\/wp\/v2\/pages"}],"about":[{"href":"https:\/\/www.wpatelier.cz\/en\/wp-json\/wp\/v2\/types\/page"}],"author":[{"embeddable":true,"href":"https:\/\/www.wpatelier.cz\/en\/wp-json\/wp\/v2\/users\/1"}],"replies":[{"embeddable":true,"href":"https:\/\/www.wpatelier.cz\/en\/wp-json\/wp\/v2\/comments?post=42"}],"version-history":[{"count":0,"href":"https:\/\/www.wpatelier.cz\/en\/wp-json\/wp\/v2\/pages\/42\/revisions"}],"wp:attachment":[{"href":"https:\/\/www.wpatelier.cz\/en\/wp-json\/wp\/v2\/media?parent=42"}],"curies":[{"name":"wp","href":"https:\/\/api.w.org\/{rel}","templated":true}]}}